{"id":100475,"date":"2024-11-05T10:06:06","date_gmt":"2024-11-05T15:06:06","guid":{"rendered":"https:\/\/store.mauricorp.com\/?post_type=product&#038;p=100475"},"modified":"2024-11-15T15:28:16","modified_gmt":"2024-11-15T20:28:16","slug":"prestone-probador-de-refrigrante-caja-de-6-2","status":"publish","type":"product","link":"https:\/\/store.mauricorp.com\/en\/producto\/prestone-probador-de-refrigrante-caja-de-6-2\/","title":{"rendered":"Prestone\u00ae probador de Refrigrante (Caja de 6)"},"content":{"rendered":"<p>Facilita la comprobaci\u00f3n r\u00e1pida y sencilla de la protecci\u00f3n que brinda el anticongelante, proporciona an\u00e1lisis de protecci\u00f3n contra la ebullici\u00f3n en el verano.<br \/>\n Permite la inspecci\u00f3n de oxidaci\u00f3n y sedimentaci\u00f3n, equipado con perilla de succi\u00f3n, dep\u00f3sito graduado y sencillas instrucciones de operaci\u00f3n.<\/p>\n","protected":false},"excerpt":{"rendered":"<p>Facilita la comprobaci\u00f3n r\u00e1pida y sencilla de la protecci\u00f3n que brinda el anticongelante, proporciona an\u00e1lisis de protecci\u00f3n contra la ebullici\u00f3n en el verano. Permite la inspecci\u00f3n de oxidaci\u00f3n y sedimentaci\u00f3n, equipado con perilla de succi\u00f3n, dep\u00f3sito graduado y sencillas instrucciones de operaci\u00f3n.<\/p>\n","protected":false},"featured_media":1204,"comment_status":"open","ping_status":"closed","template":"","meta":{"_acf_changed":false},"product_brand":[],"product_cat":[68,20],"product_tag":[],"class_list":{"0":"post-100475","1":"product","2":"type-product","3":"status-publish","4":"has-post-thumbnail","6":"product_cat-mantenimiento-y-reparacion-del-sistema","7":"product_cat-prestone","9":"first","10":"instock","11":"purchasable","12":"product-type-simple"},"acf":[],"_links":{"self":[{"href":"https:\/\/store.mauricorp.com\/en\/wp-json\/wp\/v2\/product\/100475","targetHints":{"allow":["GET"]}}],"collection":[{"href":"https:\/\/store.mauricorp.com\/en\/wp-json\/wp\/v2\/product"}],"about":[{"href":"https:\/\/store.mauricorp.com\/en\/wp-json\/wp\/v2\/types\/product"}],"replies":[{"embeddable":true,"href":"https:\/\/store.mauricorp.com\/en\/wp-json\/wp\/v2\/comments?post=100475"}],"version-history":[{"count":1,"href":"https:\/\/store.mauricorp.com\/en\/wp-json\/wp\/v2\/product\/100475\/revisions"}],"predecessor-version":[{"id":100488,"href":"https:\/\/store.mauricorp.com\/en\/wp-json\/wp\/v2\/product\/100475\/revisions\/100488"}],"wp:featuredmedia":[{"embeddable":true,"href":"https:\/\/store.mauricorp.com\/en\/wp-json\/wp\/v2\/media\/1204"}],"wp:attachment":[{"href":"https:\/\/store.mauricorp.com\/en\/wp-json\/wp\/v2\/media?parent=100475"}],"wp:term":[{"taxonomy":"product_brand","embeddable":true,"href":"https:\/\/store.mauricorp.com\/en\/wp-json\/wp\/v2\/product_brand?post=100475"},{"taxonomy":"product_cat","embeddable":true,"href":"https:\/\/store.mauricorp.com\/en\/wp-json\/wp\/v2\/product_cat?post=100475"},{"taxonomy":"product_tag","embeddable":true,"href":"https:\/\/store.mauricorp.com\/en\/wp-json\/wp\/v2\/product_tag?post=100475"}],"curies":[{"name":"wp","href":"https:\/\/api.w.org\/{rel}","templated":true}]}}