{"id":100478,"date":"2024-11-05T10:06:07","date_gmt":"2024-11-05T15:06:07","guid":{"rendered":"https:\/\/store.mauricorp.com\/?post_type=product&#038;p=100478"},"modified":"2024-11-15T15:28:17","modified_gmt":"2024-11-15T20:28:17","slug":"prestone-para-vehiculos-amaricanos-anaranjado-refrigerante-caja-6-gal-2","status":"publish","type":"product","link":"https:\/\/store.mauricorp.com\/en\/producto\/prestone-para-vehiculos-amaricanos-anaranjado-refrigerante-caja-6-gal-2\/","title":{"rendered":"Prestone\u00ae para Veh\u00edculos Amaricanos (Anaranjado) Refrigerante (Caja 6 Gal.)"},"content":{"rendered":"<p>Anticongelante + refrigerante Prestone (Anaranjado): listo para usar (50\/50 pre diluido) es nuestra mejor f\u00f3rmula para todos los veh\u00edculos CHRYSLER, FORD y GM; marcas, modelos, a\u00f1os y tipos de colores. Este fluido patentado est\u00e1 dise\u00f1ado para durar 10 a\u00f1os \/ 300,000 millas. Formulado para trabajar con veh\u00edculos que usan l\u00edquido de color naranja; POAT, Todos los CHRYSLER, FORD &#038; GM y otros.<\/p>\n","protected":false},"excerpt":{"rendered":"<p>Anticongelante + refrigerante Prestone (Anaranjado): listo para usar (50\/50 pre diluido) es nuestra mejor f\u00f3rmula para todos los veh\u00edculos CHRYSLER, FORD y GM; marcas, modelos, a\u00f1os y tipos de colores. Este fluido patentado est\u00e1 dise\u00f1ado para durar 10 a\u00f1os \/ 300,000 millas. Formulado para trabajar con veh\u00edculos que usan l\u00edquido de color naranja; POAT, Todos [&hellip;]<\/p>\n","protected":false},"featured_media":1214,"comment_status":"open","ping_status":"closed","template":"","meta":{"_acf_changed":false},"product_brand":[],"product_cat":[71,20],"product_tag":[],"class_list":{"0":"post-100478","1":"product","2":"type-product","3":"status-publish","4":"has-post-thumbnail","6":"product_cat-refrigerantes-anticongelante","7":"product_cat-prestone","9":"first","10":"instock","11":"purchasable","12":"product-type-simple"},"acf":[],"_links":{"self":[{"href":"https:\/\/store.mauricorp.com\/en\/wp-json\/wp\/v2\/product\/100478","targetHints":{"allow":["GET"]}}],"collection":[{"href":"https:\/\/store.mauricorp.com\/en\/wp-json\/wp\/v2\/product"}],"about":[{"href":"https:\/\/store.mauricorp.com\/en\/wp-json\/wp\/v2\/types\/product"}],"replies":[{"embeddable":true,"href":"https:\/\/store.mauricorp.com\/en\/wp-json\/wp\/v2\/comments?post=100478"}],"version-history":[{"count":1,"href":"https:\/\/store.mauricorp.com\/en\/wp-json\/wp\/v2\/product\/100478\/revisions"}],"predecessor-version":[{"id":100491,"href":"https:\/\/store.mauricorp.com\/en\/wp-json\/wp\/v2\/product\/100478\/revisions\/100491"}],"wp:featuredmedia":[{"embeddable":true,"href":"https:\/\/store.mauricorp.com\/en\/wp-json\/wp\/v2\/media\/1214"}],"wp:attachment":[{"href":"https:\/\/store.mauricorp.com\/en\/wp-json\/wp\/v2\/media?parent=100478"}],"wp:term":[{"taxonomy":"product_brand","embeddable":true,"href":"https:\/\/store.mauricorp.com\/en\/wp-json\/wp\/v2\/product_brand?post=100478"},{"taxonomy":"product_cat","embeddable":true,"href":"https:\/\/store.mauricorp.com\/en\/wp-json\/wp\/v2\/product_cat?post=100478"},{"taxonomy":"product_tag","embeddable":true,"href":"https:\/\/store.mauricorp.com\/en\/wp-json\/wp\/v2\/product_tag?post=100478"}],"curies":[{"name":"wp","href":"https:\/\/api.w.org\/{rel}","templated":true}]}}