{"id":100479,"date":"2024-11-05T10:06:07","date_gmt":"2024-11-05T15:06:07","guid":{"rendered":"https:\/\/store.mauricorp.com\/?post_type=product&#038;p=100479"},"modified":"2024-11-15T15:28:17","modified_gmt":"2024-11-15T20:28:17","slug":"prestone-dex-cool-refrigerante-listo-para-usar-caja-6-gal-2","status":"publish","type":"product","link":"https:\/\/store.mauricorp.com\/en\/producto\/prestone-dex-cool-refrigerante-listo-para-usar-caja-6-gal-2\/","title":{"rendered":"Prestone\u00ae Dex-Cool\u00ae Refrigerante Listo para Usar (Caja 6 Gal.)"},"content":{"rendered":"<p>Recomendado para todos los veh\u00edculos que requieren refrigerante DEX-COOL\u00ae, y otros autos y camionetas livianas con radiadores de aluminio para ayudar a combatir clima m\u00e1s riguroso. Mezcla concentrada de inhibidores de calidad superior y larga duraci\u00f3n, Prolonga la vida del motor, Protege contra temperaturas extremas, \u00f3xido y corrosi\u00f3n. Formula lista para usar pre diluida 50\/50, patentada para veh\u00edculos General Motors.<\/p>\n","protected":false},"excerpt":{"rendered":"<p>Recomendado para todos los veh\u00edculos que requieren refrigerante DEX-COOL\u00ae, y otros autos y camionetas livianas con radiadores de aluminio para ayudar a combatir clima m\u00e1s riguroso. Mezcla concentrada de inhibidores de calidad superior y larga duraci\u00f3n, Prolonga la vida del motor, Protege contra temperaturas extremas, \u00f3xido y corrosi\u00f3n. Formula lista para usar pre diluida 50\/50, [&hellip;]<\/p>\n","protected":false},"featured_media":1202,"comment_status":"open","ping_status":"closed","template":"","meta":{"_acf_changed":false},"product_brand":[],"product_cat":[71,20],"product_tag":[],"class_list":{"0":"post-100479","1":"product","2":"type-product","3":"status-publish","4":"has-post-thumbnail","6":"product_cat-refrigerantes-anticongelante","7":"product_cat-prestone","9":"first","10":"instock","11":"purchasable","12":"product-type-simple"},"acf":[],"_links":{"self":[{"href":"https:\/\/store.mauricorp.com\/en\/wp-json\/wp\/v2\/product\/100479","targetHints":{"allow":["GET"]}}],"collection":[{"href":"https:\/\/store.mauricorp.com\/en\/wp-json\/wp\/v2\/product"}],"about":[{"href":"https:\/\/store.mauricorp.com\/en\/wp-json\/wp\/v2\/types\/product"}],"replies":[{"embeddable":true,"href":"https:\/\/store.mauricorp.com\/en\/wp-json\/wp\/v2\/comments?post=100479"}],"version-history":[{"count":1,"href":"https:\/\/store.mauricorp.com\/en\/wp-json\/wp\/v2\/product\/100479\/revisions"}],"predecessor-version":[{"id":100492,"href":"https:\/\/store.mauricorp.com\/en\/wp-json\/wp\/v2\/product\/100479\/revisions\/100492"}],"wp:featuredmedia":[{"embeddable":true,"href":"https:\/\/store.mauricorp.com\/en\/wp-json\/wp\/v2\/media\/1202"}],"wp:attachment":[{"href":"https:\/\/store.mauricorp.com\/en\/wp-json\/wp\/v2\/media?parent=100479"}],"wp:term":[{"taxonomy":"product_brand","embeddable":true,"href":"https:\/\/store.mauricorp.com\/en\/wp-json\/wp\/v2\/product_brand?post=100479"},{"taxonomy":"product_cat","embeddable":true,"href":"https:\/\/store.mauricorp.com\/en\/wp-json\/wp\/v2\/product_cat?post=100479"},{"taxonomy":"product_tag","embeddable":true,"href":"https:\/\/store.mauricorp.com\/en\/wp-json\/wp\/v2\/product_tag?post=100479"}],"curies":[{"name":"wp","href":"https:\/\/api.w.org\/{rel}","templated":true}]}}