{"id":100483,"date":"2024-11-05T10:06:07","date_gmt":"2024-11-05T15:06:07","guid":{"rendered":"https:\/\/store.mauricorp.com\/?post_type=product&#038;p=100483"},"modified":"2024-11-15T15:28:17","modified_gmt":"2024-11-15T20:28:17","slug":"prestone-liquido-de-limpieza-y-lavado-de-radiador-caja-6-2","status":"publish","type":"product","link":"https:\/\/store.mauricorp.com\/en\/producto\/prestone-liquido-de-limpieza-y-lavado-de-radiador-caja-6-2\/","title":{"rendered":"Prestone\u00ae L\u00edquido de limpieza y lavado de radiador (Caja 6)"},"content":{"rendered":"<p>Prestone L\u00edquido para Purgar Radiadores + Limpiador es una f\u00f3rmula 2 en 1 dise\u00f1ada tanto para un lavado r\u00e1pido como para una limpieza intensiva. Elimina el \u00f3xido, la corrosi\u00f3n, el sarro y los materiales s\u00f3lidos del sistema de enfriamiento para ayudar a prevenir el sobrecalentamiento, una de las causas principales en las fallas del motor.<\/p>\n","protected":false},"excerpt":{"rendered":"<p>Prestone L\u00edquido para Purgar Radiadores + Limpiador es una f\u00f3rmula 2 en 1 dise\u00f1ada tanto para un lavado r\u00e1pido como para una limpieza intensiva. Elimina el \u00f3xido, la corrosi\u00f3n, el sarro y los materiales s\u00f3lidos del sistema de enfriamiento para ayudar a prevenir el sobrecalentamiento, una de las causas principales en las fallas del motor.<\/p>\n","protected":false},"featured_media":1607,"comment_status":"open","ping_status":"closed","template":"","meta":{"_acf_changed":false},"product_brand":[],"product_cat":[68,20],"product_tag":[],"class_list":{"0":"post-100483","1":"product","2":"type-product","3":"status-publish","4":"has-post-thumbnail","6":"product_cat-mantenimiento-y-reparacion-del-sistema","7":"product_cat-prestone","9":"first","10":"instock","11":"purchasable","12":"product-type-simple"},"acf":[],"_links":{"self":[{"href":"https:\/\/store.mauricorp.com\/en\/wp-json\/wp\/v2\/product\/100483","targetHints":{"allow":["GET"]}}],"collection":[{"href":"https:\/\/store.mauricorp.com\/en\/wp-json\/wp\/v2\/product"}],"about":[{"href":"https:\/\/store.mauricorp.com\/en\/wp-json\/wp\/v2\/types\/product"}],"replies":[{"embeddable":true,"href":"https:\/\/store.mauricorp.com\/en\/wp-json\/wp\/v2\/comments?post=100483"}],"version-history":[{"count":1,"href":"https:\/\/store.mauricorp.com\/en\/wp-json\/wp\/v2\/product\/100483\/revisions"}],"predecessor-version":[{"id":100496,"href":"https:\/\/store.mauricorp.com\/en\/wp-json\/wp\/v2\/product\/100483\/revisions\/100496"}],"wp:featuredmedia":[{"embeddable":true,"href":"https:\/\/store.mauricorp.com\/en\/wp-json\/wp\/v2\/media\/1607"}],"wp:attachment":[{"href":"https:\/\/store.mauricorp.com\/en\/wp-json\/wp\/v2\/media?parent=100483"}],"wp:term":[{"taxonomy":"product_brand","embeddable":true,"href":"https:\/\/store.mauricorp.com\/en\/wp-json\/wp\/v2\/product_brand?post=100483"},{"taxonomy":"product_cat","embeddable":true,"href":"https:\/\/store.mauricorp.com\/en\/wp-json\/wp\/v2\/product_cat?post=100483"},{"taxonomy":"product_tag","embeddable":true,"href":"https:\/\/store.mauricorp.com\/en\/wp-json\/wp\/v2\/product_tag?post=100483"}],"curies":[{"name":"wp","href":"https:\/\/api.w.org\/{rel}","templated":true}]}}