{"id":100484,"date":"2024-11-05T10:06:07","date_gmt":"2024-11-05T15:06:07","guid":{"rendered":"https:\/\/store.mauricorp.com\/?post_type=product&#038;p=100484"},"modified":"2024-11-15T15:28:17","modified_gmt":"2024-11-15T20:28:17","slug":"prestone-max-reparacion-y-mejora-del-sistema-de-enfriamiento-para-vehiculos-americanos-caja-de-6-2","status":"publish","type":"product","link":"https:\/\/store.mauricorp.com\/en\/producto\/prestone-max-reparacion-y-mejora-del-sistema-de-enfriamiento-para-vehiculos-americanos-caja-de-6-2\/","title":{"rendered":"Prestone\u00ae MAX Reparaci\u00f3n y mejora del sistema de enfriamiento para vehiculos Americanos (Caja de 6)"},"content":{"rendered":"<p>Esta dise\u00f1ado para reparar las fugas y aumentar la protecci\u00f3n en el sistema de refrigeraci\u00f3n. Contiene pulpa Kevlar . Fix &#038; Boost creara sellos de manera r\u00e1pida y duradera. En las pruebas, logro sellar las fugas r\u00e1pidamente, con pruebas del noble de presi\u00f3n que la normal para poder garantizar que este sea realmente duradero y una soluci\u00f3n a largo plazo. Normalmente los sistemas de refrigeraci\u00f3n carecen de protecci\u00f3n al tener una fuga, por esta raz\u00f3n Prestone agregar el &#8220;Boost&#8221;, para reponer los inhibidores clave para defenderse contra el \u00f3xido y la corrosi\u00f3n para reducir los da\u00f1os futuros<\/p>\n","protected":false},"excerpt":{"rendered":"<p>Esta dise\u00f1ado para reparar las fugas y aumentar la protecci\u00f3n en el sistema de refrigeraci\u00f3n. Contiene pulpa Kevlar . Fix &#038; Boost creara sellos de manera r\u00e1pida y duradera. En las pruebas, logro sellar las fugas r\u00e1pidamente, con pruebas del noble de presi\u00f3n que la normal para poder garantizar que este sea realmente duradero y [&hellip;]<\/p>\n","protected":false},"featured_media":1618,"comment_status":"open","ping_status":"closed","template":"","meta":{"_acf_changed":false},"product_brand":[],"product_cat":[68,20],"product_tag":[],"class_list":{"0":"post-100484","1":"product","2":"type-product","3":"status-publish","4":"has-post-thumbnail","6":"product_cat-mantenimiento-y-reparacion-del-sistema","7":"product_cat-prestone","9":"first","10":"instock","11":"purchasable","12":"product-type-simple"},"acf":[],"_links":{"self":[{"href":"https:\/\/store.mauricorp.com\/en\/wp-json\/wp\/v2\/product\/100484","targetHints":{"allow":["GET"]}}],"collection":[{"href":"https:\/\/store.mauricorp.com\/en\/wp-json\/wp\/v2\/product"}],"about":[{"href":"https:\/\/store.mauricorp.com\/en\/wp-json\/wp\/v2\/types\/product"}],"replies":[{"embeddable":true,"href":"https:\/\/store.mauricorp.com\/en\/wp-json\/wp\/v2\/comments?post=100484"}],"version-history":[{"count":1,"href":"https:\/\/store.mauricorp.com\/en\/wp-json\/wp\/v2\/product\/100484\/revisions"}],"predecessor-version":[{"id":100497,"href":"https:\/\/store.mauricorp.com\/en\/wp-json\/wp\/v2\/product\/100484\/revisions\/100497"}],"wp:featuredmedia":[{"embeddable":true,"href":"https:\/\/store.mauricorp.com\/en\/wp-json\/wp\/v2\/media\/1618"}],"wp:attachment":[{"href":"https:\/\/store.mauricorp.com\/en\/wp-json\/wp\/v2\/media?parent=100484"}],"wp:term":[{"taxonomy":"product_brand","embeddable":true,"href":"https:\/\/store.mauricorp.com\/en\/wp-json\/wp\/v2\/product_brand?post=100484"},{"taxonomy":"product_cat","embeddable":true,"href":"https:\/\/store.mauricorp.com\/en\/wp-json\/wp\/v2\/product_cat?post=100484"},{"taxonomy":"product_tag","embeddable":true,"href":"https:\/\/store.mauricorp.com\/en\/wp-json\/wp\/v2\/product_tag?post=100484"}],"curies":[{"name":"wp","href":"https:\/\/api.w.org\/{rel}","templated":true}]}}