{"id":100487,"date":"2024-11-05T10:06:07","date_gmt":"2024-11-05T15:06:07","guid":{"rendered":"https:\/\/store.mauricorp.com\/?post_type=product&#038;p=100487"},"modified":"2024-11-15T15:28:17","modified_gmt":"2024-11-15T20:28:17","slug":"prestone-fluido-premiun-de-arranque-caja-de-6-2","status":"publish","type":"product","link":"https:\/\/store.mauricorp.com\/en\/producto\/prestone-fluido-premiun-de-arranque-caja-de-6-2\/","title":{"rendered":"Prestone\u00ae Fluido Premiun de Arranque (Caja de 6)"},"content":{"rendered":"<p>Prestone Fluido Arrancador est\u00e1 dise\u00f1ado para echar a andar de manera r\u00e1pida motores a gasolina o di\u00e9sel con dificultades de encendido o bajo temperaturas muy fr\u00edas gracias a su f\u00f3rmula Premium que previene el desgaste de la bater\u00eda y del sistema de arranque.<\/p>\n","protected":false},"excerpt":{"rendered":"<p>Prestone Fluido Arrancador est\u00e1 dise\u00f1ado para echar a andar de manera r\u00e1pida motores a gasolina o di\u00e9sel con dificultades de encendido o bajo temperaturas muy fr\u00edas gracias a su f\u00f3rmula Premium que previene el desgaste de la bater\u00eda y del sistema de arranque.<\/p>\n","protected":false},"featured_media":1621,"comment_status":"open","ping_status":"closed","template":"","meta":{"_acf_changed":false},"product_brand":[],"product_cat":[70,20],"product_tag":[],"class_list":{"0":"post-100487","1":"product","2":"type-product","3":"status-publish","4":"has-post-thumbnail","6":"product_cat-productos-quimicos-de-rendimiento","7":"product_cat-prestone","9":"first","10":"instock","11":"purchasable","12":"product-type-simple"},"acf":[],"_links":{"self":[{"href":"https:\/\/store.mauricorp.com\/en\/wp-json\/wp\/v2\/product\/100487","targetHints":{"allow":["GET"]}}],"collection":[{"href":"https:\/\/store.mauricorp.com\/en\/wp-json\/wp\/v2\/product"}],"about":[{"href":"https:\/\/store.mauricorp.com\/en\/wp-json\/wp\/v2\/types\/product"}],"replies":[{"embeddable":true,"href":"https:\/\/store.mauricorp.com\/en\/wp-json\/wp\/v2\/comments?post=100487"}],"version-history":[{"count":1,"href":"https:\/\/store.mauricorp.com\/en\/wp-json\/wp\/v2\/product\/100487\/revisions"}],"predecessor-version":[{"id":100500,"href":"https:\/\/store.mauricorp.com\/en\/wp-json\/wp\/v2\/product\/100487\/revisions\/100500"}],"wp:featuredmedia":[{"embeddable":true,"href":"https:\/\/store.mauricorp.com\/en\/wp-json\/wp\/v2\/media\/1621"}],"wp:attachment":[{"href":"https:\/\/store.mauricorp.com\/en\/wp-json\/wp\/v2\/media?parent=100487"}],"wp:term":[{"taxonomy":"product_brand","embeddable":true,"href":"https:\/\/store.mauricorp.com\/en\/wp-json\/wp\/v2\/product_brand?post=100487"},{"taxonomy":"product_cat","embeddable":true,"href":"https:\/\/store.mauricorp.com\/en\/wp-json\/wp\/v2\/product_cat?post=100487"},{"taxonomy":"product_tag","embeddable":true,"href":"https:\/\/store.mauricorp.com\/en\/wp-json\/wp\/v2\/product_tag?post=100487"}],"curies":[{"name":"wp","href":"https:\/\/api.w.org\/{rel}","templated":true}]}}