{"id":100505,"date":"2024-11-05T10:06:18","date_gmt":"2024-11-05T15:06:18","guid":{"rendered":"https:\/\/store.mauricorp.com\/?post_type=product&#038;p=100505"},"modified":"2024-11-15T15:28:20","modified_gmt":"2024-11-15T20:28:20","slug":"prestone-liquido-para-frenos-sintetico-dot-3-para-altas-temperaturas-caja-de-6-gal-2","status":"publish","type":"product","link":"https:\/\/store.mauricorp.com\/en\/producto\/prestone-liquido-para-frenos-sintetico-dot-3-para-altas-temperaturas-caja-de-6-gal-2\/","title":{"rendered":"Prestone\u00ae L\u00edquido para Frenos Sint\u00e9tico DOT 3 para altas temperaturas (Caja de 6 Gal.)"},"content":{"rendered":"<p>Nuestra f\u00f3rmula para altas temperaturas le ayuda a tomar situaciones de frenado r\u00e1pido con confianza. Proporciona una vida m\u00e1s larga del fluido. Dura m\u00e1s tiempo y proporciona un mayor margen de seguridad debido a su f\u00f3rmula sint\u00e9tica para altas temperaturas. Con un punto de ebullici\u00f3n seco m\u00ednimo de 460\u00b0F (238\u00b0C), proporciona una protecci\u00f3n de 59\u00b0F (15\u00b0C) m\u00e1s que los requisitos m\u00ednimos DOT 3. Prestone\u00ae DOT 3 proporciona protecci\u00f3n contra la corrosi\u00f3n para TODOS los metales dentro del sistema de frenos y es adecuado para discos, tambores y frenos ABS.<\/p>\n","protected":false},"excerpt":{"rendered":"<p>Nuestra f\u00f3rmula para altas temperaturas le ayuda a tomar situaciones de frenado r\u00e1pido con confianza. Proporciona una vida m\u00e1s larga del fluido. Dura m\u00e1s tiempo y proporciona un mayor margen de seguridad debido a su f\u00f3rmula sint\u00e9tica para altas temperaturas. Con un punto de ebullici\u00f3n seco m\u00ednimo de 460\u00b0F (238\u00b0C), proporciona una protecci\u00f3n de 59\u00b0F [&hellip;]<\/p>\n","protected":false},"featured_media":1629,"comment_status":"open","ping_status":"closed","template":"","meta":{"_acf_changed":false},"product_brand":[],"product_cat":[70,20],"product_tag":[],"class_list":{"0":"post-100505","1":"product","2":"type-product","3":"status-publish","4":"has-post-thumbnail","6":"product_cat-productos-quimicos-de-rendimiento","7":"product_cat-prestone","9":"first","10":"instock","11":"purchasable","12":"product-type-simple"},"acf":[],"_links":{"self":[{"href":"https:\/\/store.mauricorp.com\/en\/wp-json\/wp\/v2\/product\/100505","targetHints":{"allow":["GET"]}}],"collection":[{"href":"https:\/\/store.mauricorp.com\/en\/wp-json\/wp\/v2\/product"}],"about":[{"href":"https:\/\/store.mauricorp.com\/en\/wp-json\/wp\/v2\/types\/product"}],"replies":[{"embeddable":true,"href":"https:\/\/store.mauricorp.com\/en\/wp-json\/wp\/v2\/comments?post=100505"}],"version-history":[{"count":1,"href":"https:\/\/store.mauricorp.com\/en\/wp-json\/wp\/v2\/product\/100505\/revisions"}],"predecessor-version":[{"id":100517,"href":"https:\/\/store.mauricorp.com\/en\/wp-json\/wp\/v2\/product\/100505\/revisions\/100517"}],"wp:featuredmedia":[{"embeddable":true,"href":"https:\/\/store.mauricorp.com\/en\/wp-json\/wp\/v2\/media\/1629"}],"wp:attachment":[{"href":"https:\/\/store.mauricorp.com\/en\/wp-json\/wp\/v2\/media?parent=100505"}],"wp:term":[{"taxonomy":"product_brand","embeddable":true,"href":"https:\/\/store.mauricorp.com\/en\/wp-json\/wp\/v2\/product_brand?post=100505"},{"taxonomy":"product_cat","embeddable":true,"href":"https:\/\/store.mauricorp.com\/en\/wp-json\/wp\/v2\/product_cat?post=100505"},{"taxonomy":"product_tag","embeddable":true,"href":"https:\/\/store.mauricorp.com\/en\/wp-json\/wp\/v2\/product_tag?post=100505"}],"curies":[{"name":"wp","href":"https:\/\/api.w.org\/{rel}","templated":true}]}}