{"id":100506,"date":"2024-11-05T10:06:18","date_gmt":"2024-11-05T15:06:18","guid":{"rendered":"https:\/\/store.mauricorp.com\/?post_type=product&#038;p=100506"},"modified":"2024-11-15T15:28:20","modified_gmt":"2024-11-15T20:28:20","slug":"prestone-bug-wash-liquido-limpiador-de-parabrisas-caja-de-6-gal-2","status":"publish","type":"product","link":"https:\/\/store.mauricorp.com\/en\/producto\/prestone-bug-wash-liquido-limpiador-de-parabrisas-caja-de-6-gal-2\/","title":{"rendered":"Prestone\u00ae Bug Wash L\u00edquido Limpiador de Parabrisas (Caja de 6 Gal.)"},"content":{"rendered":"<p>Repele insectos y evita rayas con esta f\u00f3rmula exclusiva de Prestone\u00ae. Lavado de parabrisas avanzado espec\u00edficamente formulado para satisfacer las necesidades de la conducci\u00f3n en el verano, porque repele la lluvia y salpicaduras de la carretera para una visibilidad clara a trav\u00e9s del cristal. La f\u00f3rmula Bug Stopper\u2122 con su poder de limpieza patentado que penetra la suciedad y los residuos m\u00e1s duros crea una barrera para evitar que los insectos se peguen. Bug Wash est\u00e1 dise\u00f1ado para proporcionar una limpieza potente y sin manchas que es segura para los limpiaparabrisas con detecci\u00f3n de lluvia.<\/p>\n","protected":false},"excerpt":{"rendered":"<p>Repele insectos y evita rayas con esta f\u00f3rmula exclusiva de Prestone\u00ae. Lavado de parabrisas avanzado espec\u00edficamente formulado para satisfacer las necesidades de la conducci\u00f3n en el verano, porque repele la lluvia y salpicaduras de la carretera para una visibilidad clara a trav\u00e9s del cristal. La f\u00f3rmula Bug Stopper\u2122 con su poder de limpieza patentado que [&hellip;]<\/p>\n","protected":false},"featured_media":1630,"comment_status":"open","ping_status":"closed","template":"","meta":{"_acf_changed":false},"product_brand":[],"product_cat":[69,20],"product_tag":[],"class_list":{"0":"post-100506","1":"product","2":"type-product","3":"status-publish","4":"has-post-thumbnail","6":"product_cat-limpiaparabrisas","7":"product_cat-prestone","9":"first","10":"instock","11":"purchasable","12":"product-type-simple"},"acf":[],"_links":{"self":[{"href":"https:\/\/store.mauricorp.com\/en\/wp-json\/wp\/v2\/product\/100506","targetHints":{"allow":["GET"]}}],"collection":[{"href":"https:\/\/store.mauricorp.com\/en\/wp-json\/wp\/v2\/product"}],"about":[{"href":"https:\/\/store.mauricorp.com\/en\/wp-json\/wp\/v2\/types\/product"}],"replies":[{"embeddable":true,"href":"https:\/\/store.mauricorp.com\/en\/wp-json\/wp\/v2\/comments?post=100506"}],"version-history":[{"count":1,"href":"https:\/\/store.mauricorp.com\/en\/wp-json\/wp\/v2\/product\/100506\/revisions"}],"predecessor-version":[{"id":100518,"href":"https:\/\/store.mauricorp.com\/en\/wp-json\/wp\/v2\/product\/100506\/revisions\/100518"}],"wp:featuredmedia":[{"embeddable":true,"href":"https:\/\/store.mauricorp.com\/en\/wp-json\/wp\/v2\/media\/1630"}],"wp:attachment":[{"href":"https:\/\/store.mauricorp.com\/en\/wp-json\/wp\/v2\/media?parent=100506"}],"wp:term":[{"taxonomy":"product_brand","embeddable":true,"href":"https:\/\/store.mauricorp.com\/en\/wp-json\/wp\/v2\/product_brand?post=100506"},{"taxonomy":"product_cat","embeddable":true,"href":"https:\/\/store.mauricorp.com\/en\/wp-json\/wp\/v2\/product_cat?post=100506"},{"taxonomy":"product_tag","embeddable":true,"href":"https:\/\/store.mauricorp.com\/en\/wp-json\/wp\/v2\/product_tag?post=100506"}],"curies":[{"name":"wp","href":"https:\/\/api.w.org\/{rel}","templated":true}]}}