{"id":100509,"date":"2024-11-05T10:06:18","date_gmt":"2024-11-05T15:06:18","guid":{"rendered":"https:\/\/store.mauricorp.com\/?post_type=product&#038;p=100509"},"modified":"2024-11-15T15:28:20","modified_gmt":"2024-11-15T20:28:20","slug":"liquido-de-frenos-prestone-max-dot-4-caja-de-6","status":"publish","type":"product","link":"https:\/\/store.mauricorp.com\/en\/producto\/liquido-de-frenos-prestone-max-dot-4-caja-de-6\/","title":{"rendered":"L\u00edquido de frenos Prestone\u00ae MAX DOT 4 (Caja de 6)"},"content":{"rendered":"<p>El l\u00edquido de frenos para veh\u00edculos motorizados Prestone\u00ae MAX DOT 4 es nuestra f\u00f3rmula de mayor grado, maximizando el rendimiento en comparaci\u00f3n con las normas del DOT. Prestone MAX es nuestro mejor l\u00edquido de frenos para evitar el sobrecalentamiento y el desvanecimiento de los frenos. Prestone MAX tiene un rendimiento superior en condiciones de frenado severas en comparaci\u00f3n con Prestone DOT 4 regular, lo que significa a\u00fan m\u00e1s tranquilidad sobre el sistema de frenado.<\/p>\n","protected":false},"excerpt":{"rendered":"<p>El l\u00edquido de frenos para veh\u00edculos motorizados Prestone\u00ae MAX DOT 4 es nuestra f\u00f3rmula de mayor grado, maximizando el rendimiento en comparaci\u00f3n con las normas del DOT. Prestone MAX es nuestro mejor l\u00edquido de frenos para evitar el sobrecalentamiento y el desvanecimiento de los frenos. Prestone MAX tiene un rendimiento superior en condiciones de frenado [&hellip;]<\/p>\n","protected":false},"featured_media":1614,"comment_status":"open","ping_status":"closed","template":"","meta":{"_acf_changed":false},"product_brand":[],"product_cat":[70,20],"product_tag":[],"class_list":{"0":"post-100509","1":"product","2":"type-product","3":"status-publish","4":"has-post-thumbnail","6":"product_cat-productos-quimicos-de-rendimiento","7":"product_cat-prestone","9":"first","10":"instock","11":"purchasable","12":"product-type-simple"},"acf":[],"_links":{"self":[{"href":"https:\/\/store.mauricorp.com\/en\/wp-json\/wp\/v2\/product\/100509","targetHints":{"allow":["GET"]}}],"collection":[{"href":"https:\/\/store.mauricorp.com\/en\/wp-json\/wp\/v2\/product"}],"about":[{"href":"https:\/\/store.mauricorp.com\/en\/wp-json\/wp\/v2\/types\/product"}],"replies":[{"embeddable":true,"href":"https:\/\/store.mauricorp.com\/en\/wp-json\/wp\/v2\/comments?post=100509"}],"version-history":[{"count":2,"href":"https:\/\/store.mauricorp.com\/en\/wp-json\/wp\/v2\/product\/100509\/revisions"}],"predecessor-version":[{"id":100723,"href":"https:\/\/store.mauricorp.com\/en\/wp-json\/wp\/v2\/product\/100509\/revisions\/100723"}],"wp:featuredmedia":[{"embeddable":true,"href":"https:\/\/store.mauricorp.com\/en\/wp-json\/wp\/v2\/media\/1614"}],"wp:attachment":[{"href":"https:\/\/store.mauricorp.com\/en\/wp-json\/wp\/v2\/media?parent=100509"}],"wp:term":[{"taxonomy":"product_brand","embeddable":true,"href":"https:\/\/store.mauricorp.com\/en\/wp-json\/wp\/v2\/product_brand?post=100509"},{"taxonomy":"product_cat","embeddable":true,"href":"https:\/\/store.mauricorp.com\/en\/wp-json\/wp\/v2\/product_cat?post=100509"},{"taxonomy":"product_tag","embeddable":true,"href":"https:\/\/store.mauricorp.com\/en\/wp-json\/wp\/v2\/product_tag?post=100509"}],"curies":[{"name":"wp","href":"https:\/\/api.w.org\/{rel}","templated":true}]}}