{"id":56005,"date":"2024-04-12T15:55:15","date_gmt":"2024-04-12T19:55:15","guid":{"rendered":"https:\/\/store.mauricorp.com\/?post_type=product&#038;p=56005"},"modified":"2026-02-19T09:26:44","modified_gmt":"2026-02-19T14:26:44","slug":"prestone-refrigerante-concentrado-para-todo-vehiculo-264-gal-tote-1000-l","status":"publish","type":"product","link":"https:\/\/store.mauricorp.com\/en\/producto\/prestone-refrigerante-concentrado-para-todo-vehiculo-264-gal-tote-1000-l\/","title":{"rendered":"Prestone Refrigerante Concentrado para todo veh\u00edculo (264 Gal Tote \/ 1000 L)"},"content":{"rendered":"<p>Formulado con inhibidores patentados Cor-Guard\u2122. Prolonga la vida del motor. Previene la corrosi\u00f3n. Ayuda a que su sistema de refrigeraci\u00f3n funcione m\u00e1s eficientemente. Protege el sistema de refrigeraci\u00f3n de los da\u00f1os causados por anticongelante viejo. Funciona con anticongelante de cualquier color. No anular\u00e1 su garant\u00eda. F\u00f3rmula concentrada.<\/p>\n","protected":false},"excerpt":{"rendered":"<p>Formulado con inhibidores patentados Cor-Guard\u2122. Prolonga la vida del motor. Previene la corrosi\u00f3n. Ayuda a que su sistema de refrigeraci\u00f3n funcione m\u00e1s eficientemente. Protege el sistema de refrigeraci\u00f3n de los da\u00f1os causados por anticongelante viejo. Funciona con anticongelante de cualquier color. No anular\u00e1 su garant\u00eda. F\u00f3rmula concentrada.<\/p>\n","protected":false},"featured_media":22098,"comment_status":"open","ping_status":"closed","template":"","meta":{"_acf_changed":false},"product_brand":[],"product_cat":[71,20],"product_tag":[],"class_list":{"0":"post-56005","1":"product","2":"type-product","3":"status-publish","4":"has-post-thumbnail","6":"product_cat-refrigerantes-anticongelante","7":"product_cat-prestone","9":"first","10":"instock","11":"purchasable","12":"product-type-simple"},"acf":[],"_links":{"self":[{"href":"https:\/\/store.mauricorp.com\/en\/wp-json\/wp\/v2\/product\/56005","targetHints":{"allow":["GET"]}}],"collection":[{"href":"https:\/\/store.mauricorp.com\/en\/wp-json\/wp\/v2\/product"}],"about":[{"href":"https:\/\/store.mauricorp.com\/en\/wp-json\/wp\/v2\/types\/product"}],"replies":[{"embeddable":true,"href":"https:\/\/store.mauricorp.com\/en\/wp-json\/wp\/v2\/comments?post=56005"}],"version-history":[{"count":4,"href":"https:\/\/store.mauricorp.com\/en\/wp-json\/wp\/v2\/product\/56005\/revisions"}],"predecessor-version":[{"id":108131,"href":"https:\/\/store.mauricorp.com\/en\/wp-json\/wp\/v2\/product\/56005\/revisions\/108131"}],"wp:featuredmedia":[{"embeddable":true,"href":"https:\/\/store.mauricorp.com\/en\/wp-json\/wp\/v2\/media\/22098"}],"wp:attachment":[{"href":"https:\/\/store.mauricorp.com\/en\/wp-json\/wp\/v2\/media?parent=56005"}],"wp:term":[{"taxonomy":"product_brand","embeddable":true,"href":"https:\/\/store.mauricorp.com\/en\/wp-json\/wp\/v2\/product_brand?post=56005"},{"taxonomy":"product_cat","embeddable":true,"href":"https:\/\/store.mauricorp.com\/en\/wp-json\/wp\/v2\/product_cat?post=56005"},{"taxonomy":"product_tag","embeddable":true,"href":"https:\/\/store.mauricorp.com\/en\/wp-json\/wp\/v2\/product_tag?post=56005"}],"curies":[{"name":"wp","href":"https:\/\/api.w.org\/{rel}","templated":true}]}}