{"id":56006,"date":"2024-04-12T15:55:15","date_gmt":"2024-04-12T19:55:15","guid":{"rendered":"https:\/\/store.mauricorp.com\/?post_type=product&#038;p=56006"},"modified":"2024-12-16T09:55:02","modified_gmt":"2024-12-16T14:55:02","slug":"prestone-refrigerante-33-para-todo-vehiculo-caja-6-gal","status":"publish","type":"product","link":"https:\/\/store.mauricorp.com\/en\/producto\/prestone-refrigerante-33-para-todo-vehiculo-caja-6-gal\/","title":{"rendered":"Prestone Refrigerante 33% para todo veh\u00edculo (Caja 6 Gal.)"},"content":{"rendered":"<p>Esta formula patentada y Listo para Usarse esta preparada y es compatible con CUALQUIER refrigerante \/ anticongelante de CUALQUIER marca o modelo de autom\u00f3vil o \u0301 veh\u00edculo de servicio ligero que hoy en d\u00eda se encuentran en circulaci\u00f3n. Se mezcla con CUALQUIER color de refrigerante \/ anticongelante. Debido a que no es necesario mezclar, medir o \u0301 a\u00f1adir agua, tu autom\u00f3vil o veh\u00edculo de servicio ligero disfrutara de esta tecnolog\u00eda avanzada en el momento que vierta el l\u00edquido en el radiador o en el tanque de reflujo.<\/p>\n","protected":false},"excerpt":{"rendered":"<p>Esta formula patentada y Listo para Usarse esta preparada y es compatible con CUALQUIER refrigerante \/ anticongelante de CUALQUIER marca o modelo de autom\u00f3vil o \u0301 veh\u00edculo de servicio ligero que hoy en d\u00eda se encuentran en circulaci\u00f3n. Se mezcla con CUALQUIER color de refrigerante \/ anticongelante. Debido a que no es necesario mezclar, medir [&hellip;]<\/p>\n","protected":false},"featured_media":1206,"comment_status":"open","ping_status":"closed","template":"","meta":{"_acf_changed":false},"product_brand":[],"product_cat":[20],"product_tag":[],"class_list":{"0":"post-56006","1":"product","2":"type-product","3":"status-publish","4":"has-post-thumbnail","6":"product_cat-prestone","8":"first","9":"instock","10":"purchasable","11":"product-type-simple"},"acf":[],"_links":{"self":[{"href":"https:\/\/store.mauricorp.com\/en\/wp-json\/wp\/v2\/product\/56006","targetHints":{"allow":["GET"]}}],"collection":[{"href":"https:\/\/store.mauricorp.com\/en\/wp-json\/wp\/v2\/product"}],"about":[{"href":"https:\/\/store.mauricorp.com\/en\/wp-json\/wp\/v2\/types\/product"}],"replies":[{"embeddable":true,"href":"https:\/\/store.mauricorp.com\/en\/wp-json\/wp\/v2\/comments?post=56006"}],"version-history":[{"count":3,"href":"https:\/\/store.mauricorp.com\/en\/wp-json\/wp\/v2\/product\/56006\/revisions"}],"predecessor-version":[{"id":108132,"href":"https:\/\/store.mauricorp.com\/en\/wp-json\/wp\/v2\/product\/56006\/revisions\/108132"}],"wp:featuredmedia":[{"embeddable":true,"href":"https:\/\/store.mauricorp.com\/en\/wp-json\/wp\/v2\/media\/1206"}],"wp:attachment":[{"href":"https:\/\/store.mauricorp.com\/en\/wp-json\/wp\/v2\/media?parent=56006"}],"wp:term":[{"taxonomy":"product_brand","embeddable":true,"href":"https:\/\/store.mauricorp.com\/en\/wp-json\/wp\/v2\/product_brand?post=56006"},{"taxonomy":"product_cat","embeddable":true,"href":"https:\/\/store.mauricorp.com\/en\/wp-json\/wp\/v2\/product_cat?post=56006"},{"taxonomy":"product_tag","embeddable":true,"href":"https:\/\/store.mauricorp.com\/en\/wp-json\/wp\/v2\/product_tag?post=56006"}],"curies":[{"name":"wp","href":"https:\/\/api.w.org\/{rel}","templated":true}]}}