{"id":56009,"date":"2024-04-12T15:55:16","date_gmt":"2024-04-12T19:55:16","guid":{"rendered":"https:\/\/store.mauricorp.com\/?post_type=product&#038;p=56009"},"modified":"2024-12-16T09:55:02","modified_gmt":"2024-12-16T14:55:02","slug":"prestone-refrigerante-listo-para-usar-para-todo-vehiculo-55-gal-drum-208-l","status":"publish","type":"product","link":"https:\/\/store.mauricorp.com\/en\/producto\/prestone-refrigerante-listo-para-usar-para-todo-vehiculo-55-gal-drum-208-l\/","title":{"rendered":"Prestone Refrigerante Listo para Usar para todo veh\u00edculo (55 Gal Drum \/ 208 L)"},"content":{"rendered":"<p>Formulado con inhibidores patentados Cor-Guard\u2122, Prolonga la vida del motor, Previene la corrosi\u00f3n, Ayuda a que su sistema de refrigeraci\u00f3n funcione m\u00e1s eficientemente, Protege el sistema de refrigeraci\u00f3n de los da\u00f1os causados por anticongelante viejo, Funciona con anticongelante de cualquier color, No anular\u00e1 su garant\u00eda. F\u00f3rmula lista para usar pre diluida 50\/50.<\/p>\n","protected":false},"excerpt":{"rendered":"<p>Formulado con inhibidores patentados Cor-Guard\u2122, Prolonga la vida del motor, Previene la corrosi\u00f3n, Ayuda a que su sistema de refrigeraci\u00f3n funcione m\u00e1s eficientemente, Protege el sistema de refrigeraci\u00f3n de los da\u00f1os causados por anticongelante viejo, Funciona con anticongelante de cualquier color, No anular\u00e1 su garant\u00eda. F\u00f3rmula lista para usar pre diluida 50\/50.<\/p>\n","protected":false},"featured_media":22098,"comment_status":"open","ping_status":"closed","template":"","meta":{"_acf_changed":false},"product_brand":[],"product_cat":[20],"product_tag":[],"class_list":{"0":"post-56009","1":"product","2":"type-product","3":"status-publish","4":"has-post-thumbnail","6":"product_cat-prestone","8":"first","9":"instock","10":"purchasable","11":"product-type-simple"},"acf":[],"_links":{"self":[{"href":"https:\/\/store.mauricorp.com\/en\/wp-json\/wp\/v2\/product\/56009","targetHints":{"allow":["GET"]}}],"collection":[{"href":"https:\/\/store.mauricorp.com\/en\/wp-json\/wp\/v2\/product"}],"about":[{"href":"https:\/\/store.mauricorp.com\/en\/wp-json\/wp\/v2\/types\/product"}],"replies":[{"embeddable":true,"href":"https:\/\/store.mauricorp.com\/en\/wp-json\/wp\/v2\/comments?post=56009"}],"version-history":[{"count":4,"href":"https:\/\/store.mauricorp.com\/en\/wp-json\/wp\/v2\/product\/56009\/revisions"}],"predecessor-version":[{"id":108135,"href":"https:\/\/store.mauricorp.com\/en\/wp-json\/wp\/v2\/product\/56009\/revisions\/108135"}],"wp:featuredmedia":[{"embeddable":true,"href":"https:\/\/store.mauricorp.com\/en\/wp-json\/wp\/v2\/media\/22098"}],"wp:attachment":[{"href":"https:\/\/store.mauricorp.com\/en\/wp-json\/wp\/v2\/media?parent=56009"}],"wp:term":[{"taxonomy":"product_brand","embeddable":true,"href":"https:\/\/store.mauricorp.com\/en\/wp-json\/wp\/v2\/product_brand?post=56009"},{"taxonomy":"product_cat","embeddable":true,"href":"https:\/\/store.mauricorp.com\/en\/wp-json\/wp\/v2\/product_cat?post=56009"},{"taxonomy":"product_tag","embeddable":true,"href":"https:\/\/store.mauricorp.com\/en\/wp-json\/wp\/v2\/product_tag?post=56009"}],"curies":[{"name":"wp","href":"https:\/\/api.w.org\/{rel}","templated":true}]}}