{"id":56027,"date":"2024-04-12T15:55:18","date_gmt":"2024-04-12T19:55:18","guid":{"rendered":"https:\/\/store.mauricorp.com\/?post_type=product&#038;p=56027"},"modified":"2024-12-16T09:55:04","modified_gmt":"2024-12-16T14:55:04","slug":"prestone-max-para-vehiculos-europeos-verde-azulado-refrigerante-caja-6-gal","status":"publish","type":"product","link":"https:\/\/store.mauricorp.com\/en\/producto\/prestone-max-para-vehiculos-europeos-verde-azulado-refrigerante-caja-6-gal\/","title":{"rendered":"Prestone MAX para Veh\u00edculos Europeos (Verde Azulado) Refrigerante (Caja 6 Gal.)"},"content":{"rendered":"<p>Prestone\u00ae MAX Antifreeze + Coolant utiliza tecnolog\u00eda OE avanzada para brindar m\u00e1xima protecci\u00f3n garantizada al motor para veh\u00edculos europeos que requieren anticongelante\/refrigerante azul (G48) o verde (G64). Nuestra f\u00f3rmula de tecnolog\u00eda avanzada proporciona una s\u00f3lida protecci\u00f3n contra la temperatura, protecci\u00f3n l\u00edder en la industria contra el \u00f3xido y la corrosi\u00f3n que da\u00f1an el motor y la protecci\u00f3n m\u00e1s duradera de la industria. Conf\u00ede en Prestone, el fabricante l\u00edder mundial de anticongelantes y refrigerantes OEM. Puede rellenar o reemplazar cualquier anticongelante Azul (G48) o Verde (G64) + refrigerante en todos los BMW; todos los Minis; todos los Volvos; Mercedes pre-2014; Volkswagen pre-1997; Audi pre-1997; Jaguar pre-1999 y Porsche pre-1996, garantizado. Prestone Max est\u00e1 garantizado para proteger su veh\u00edculo durante 5 a\u00f1os y\/o 150.000 millas.<\/p>\n","protected":false},"excerpt":{"rendered":"<p>Prestone\u00ae MAX Antifreeze + Coolant utiliza tecnolog\u00eda OE avanzada para brindar m\u00e1xima protecci\u00f3n garantizada al motor para veh\u00edculos europeos que requieren anticongelante\/refrigerante azul (G48) o verde (G64). Nuestra f\u00f3rmula de tecnolog\u00eda avanzada proporciona una s\u00f3lida protecci\u00f3n contra la temperatura, protecci\u00f3n l\u00edder en la industria contra el \u00f3xido y la corrosi\u00f3n que da\u00f1an el motor y [&hellip;]<\/p>\n","protected":false},"featured_media":1208,"comment_status":"open","ping_status":"closed","template":"","meta":{"_acf_changed":false},"product_brand":[],"product_cat":[20],"product_tag":[],"class_list":{"0":"post-56027","1":"product","2":"type-product","3":"status-publish","4":"has-post-thumbnail","6":"product_cat-prestone","8":"first","9":"instock","10":"purchasable","11":"product-type-simple"},"acf":[],"_links":{"self":[{"href":"https:\/\/store.mauricorp.com\/en\/wp-json\/wp\/v2\/product\/56027","targetHints":{"allow":["GET"]}}],"collection":[{"href":"https:\/\/store.mauricorp.com\/en\/wp-json\/wp\/v2\/product"}],"about":[{"href":"https:\/\/store.mauricorp.com\/en\/wp-json\/wp\/v2\/types\/product"}],"replies":[{"embeddable":true,"href":"https:\/\/store.mauricorp.com\/en\/wp-json\/wp\/v2\/comments?post=56027"}],"version-history":[{"count":3,"href":"https:\/\/store.mauricorp.com\/en\/wp-json\/wp\/v2\/product\/56027\/revisions"}],"predecessor-version":[{"id":108153,"href":"https:\/\/store.mauricorp.com\/en\/wp-json\/wp\/v2\/product\/56027\/revisions\/108153"}],"wp:featuredmedia":[{"embeddable":true,"href":"https:\/\/store.mauricorp.com\/en\/wp-json\/wp\/v2\/media\/1208"}],"wp:attachment":[{"href":"https:\/\/store.mauricorp.com\/en\/wp-json\/wp\/v2\/media?parent=56027"}],"wp:term":[{"taxonomy":"product_brand","embeddable":true,"href":"https:\/\/store.mauricorp.com\/en\/wp-json\/wp\/v2\/product_brand?post=56027"},{"taxonomy":"product_cat","embeddable":true,"href":"https:\/\/store.mauricorp.com\/en\/wp-json\/wp\/v2\/product_cat?post=56027"},{"taxonomy":"product_tag","embeddable":true,"href":"https:\/\/store.mauricorp.com\/en\/wp-json\/wp\/v2\/product_tag?post=56027"}],"curies":[{"name":"wp","href":"https:\/\/api.w.org\/{rel}","templated":true}]}}