{"id":56063,"date":"2024-04-12T15:55:39","date_gmt":"2024-04-12T19:55:39","guid":{"rendered":"https:\/\/store.mauricorp.com\/?post_type=product&#038;p=56063"},"modified":"2024-12-16T09:55:05","modified_gmt":"2024-12-16T14:55:05","slug":"prestone-max-para-vehiculos-americanos-morado-refrigerante-caja-6-gal","status":"publish","type":"product","link":"https:\/\/store.mauricorp.com\/en\/producto\/prestone-max-para-vehiculos-americanos-morado-refrigerante-caja-6-gal\/","title":{"rendered":"Prestone\u00ae MAX para Veh\u00edculos Americanos (Morado) Refrigerante (Caja 6 Gal.)"},"content":{"rendered":"<p>Prestone\u00ae MAX Antifreeze + Coolant utiliza tecnolog\u00eda avanzada de equipo original para garantizar la m\u00e1xima protecci\u00f3n del motor para todos los veh\u00edculos Jeep, Ram, Dodge y Chrysler del a\u00f1o 2000 y posteriores. Nuestra f\u00f3rmula de tecnolog\u00eda avanzada proporciona una s\u00f3lida protecci\u00f3n contra la temperatura, protecci\u00f3n l\u00edder en la industria contra el \u00f3xido y la corrosi\u00f3n que da\u00f1an el motor y la protecci\u00f3n m\u00e1s duradera de la industria. Conf\u00ede en Prestone, el principal fabricante OEM de anticongelantes y refrigerantes de Norteam\u00e9rica. Garantizado para rellenar o reemplazar anticongelante y refrigerante morado, dorado (GO5) o rosa en su veh\u00edculo Jeep, Ram, Dodge o Chrysler 2000 o m\u00e1s nuevo. Protecci\u00f3n l\u00edder en la industria contra el \u00f3xido, la corrosi\u00f3n y los dep\u00f3sitos que da\u00f1an el motor. Prestone MAX previene completamente la formaci\u00f3n de \u00f3xido y corrosi\u00f3n, asegurando un mejor rendimiento del motor y una mayor vida \u00fatil. Prestone Max tiene la garant\u00eda de proteger su veh\u00edculo durante m\u00e1s de 15 a\u00f1os y\/o 350,000 millas. El l\u00edquido m\u00e1s duradero de la industria.<\/p>\n","protected":false},"excerpt":{"rendered":"<p>Prestone\u00ae MAX Antifreeze + Coolant utiliza tecnolog\u00eda avanzada de equipo original para garantizar la m\u00e1xima protecci\u00f3n del motor para todos los veh\u00edculos Jeep, Ram, Dodge y Chrysler del a\u00f1o 2000 y posteriores. Nuestra f\u00f3rmula de tecnolog\u00eda avanzada proporciona una s\u00f3lida protecci\u00f3n contra la temperatura, protecci\u00f3n l\u00edder en la industria contra el \u00f3xido y la corrosi\u00f3n [&hellip;]<\/p>\n","protected":false},"featured_media":3358,"comment_status":"open","ping_status":"closed","template":"","meta":{"_acf_changed":false},"product_brand":[],"product_cat":[20],"product_tag":[],"class_list":{"0":"post-56063","1":"product","2":"type-product","3":"status-publish","4":"has-post-thumbnail","6":"product_cat-prestone","8":"first","9":"instock","10":"purchasable","11":"product-type-simple"},"acf":[],"_links":{"self":[{"href":"https:\/\/store.mauricorp.com\/en\/wp-json\/wp\/v2\/product\/56063","targetHints":{"allow":["GET"]}}],"collection":[{"href":"https:\/\/store.mauricorp.com\/en\/wp-json\/wp\/v2\/product"}],"about":[{"href":"https:\/\/store.mauricorp.com\/en\/wp-json\/wp\/v2\/types\/product"}],"replies":[{"embeddable":true,"href":"https:\/\/store.mauricorp.com\/en\/wp-json\/wp\/v2\/comments?post=56063"}],"version-history":[{"count":6,"href":"https:\/\/store.mauricorp.com\/en\/wp-json\/wp\/v2\/product\/56063\/revisions"}],"predecessor-version":[{"id":108161,"href":"https:\/\/store.mauricorp.com\/en\/wp-json\/wp\/v2\/product\/56063\/revisions\/108161"}],"wp:featuredmedia":[{"embeddable":true,"href":"https:\/\/store.mauricorp.com\/en\/wp-json\/wp\/v2\/media\/3358"}],"wp:attachment":[{"href":"https:\/\/store.mauricorp.com\/en\/wp-json\/wp\/v2\/media?parent=56063"}],"wp:term":[{"taxonomy":"product_brand","embeddable":true,"href":"https:\/\/store.mauricorp.com\/en\/wp-json\/wp\/v2\/product_brand?post=56063"},{"taxonomy":"product_cat","embeddable":true,"href":"https:\/\/store.mauricorp.com\/en\/wp-json\/wp\/v2\/product_cat?post=56063"},{"taxonomy":"product_tag","embeddable":true,"href":"https:\/\/store.mauricorp.com\/en\/wp-json\/wp\/v2\/product_tag?post=56063"}],"curies":[{"name":"wp","href":"https:\/\/api.w.org\/{rel}","templated":true}]}}