{"id":56074,"date":"2024-04-12T15:55:40","date_gmt":"2024-04-12T19:55:40","guid":{"rendered":"https:\/\/store.mauricorp.com\/?post_type=product&#038;p=56074"},"modified":"2024-12-16T09:55:05","modified_gmt":"2024-12-16T14:55:05","slug":"prestone-command-anticongelante-refrigerante-para-servicio-pesado-concentrado-caja-6-gal","status":"publish","type":"product","link":"https:\/\/store.mauricorp.com\/en\/producto\/prestone-command-anticongelante-refrigerante-para-servicio-pesado-concentrado-caja-6-gal\/","title":{"rendered":"Prestone\u00ae Command\u00ae Anticongelante \/ Refrigerante para Servicio Pesado Concentrado (Caja 6 Gal.)"},"content":{"rendered":"<p>Especialmente formulado con Nitrited Organic Acid Technology (NOAT) para desafiar el tiempo de inactividad. Tecnolog\u00eda Nitrada de \u00c1cido Org\u00e1nico (NOAT) para uso y compatibilidad con cualquier anticongelante \/ refrigerante de larga duraci\u00f3n Heavy Duty de NOAT en CUALQUIER motor de veh\u00edculo comercial Diesel o motor estacionario. Su formulaci\u00f3n avanzada y patentada es una mezcla concentrada de inhibidores duraderos de primera calidad dise\u00f1ados para proporcionar hasta 600.000 millas (965.000 km) \/ 12.000 horas* de protecci\u00f3n contra temperaturas extremas, \u00f3xido, corrosi\u00f3n, residuos y falla prematura de la bomba de agua. *LLENAR HASTA EL TOPE: Mantendr\u00e1 una protecci\u00f3n prolongada cuando se agregue a cualquier anticongelante \/ refrigerante NOAT Extended Life. LAVE Y LLENE: Reciba protecci\u00f3n de hasta 600.000 millas (965.000 km) o 12.000 horas con un lavado y llenado completo usando Prestone Command\u00ae Heavy Duty Extended Life Conc\u00e9ntrate.<\/p>\n","protected":false},"excerpt":{"rendered":"<p>Especialmente formulado con Nitrited Organic Acid Technology (NOAT) para desafiar el tiempo de inactividad. Tecnolog\u00eda Nitrada de \u00c1cido Org\u00e1nico (NOAT) para uso y compatibilidad con cualquier anticongelante \/ refrigerante de larga duraci\u00f3n Heavy Duty de NOAT en CUALQUIER motor de veh\u00edculo comercial Diesel o motor estacionario. Su formulaci\u00f3n avanzada y patentada es una mezcla concentrada [&hellip;]<\/p>\n","protected":false},"featured_media":1616,"comment_status":"open","ping_status":"closed","template":"","meta":{"_acf_changed":false},"product_brand":[],"product_cat":[20],"product_tag":[],"class_list":{"0":"post-56074","1":"product","2":"type-product","3":"status-publish","4":"has-post-thumbnail","6":"product_cat-prestone","8":"first","9":"instock","10":"purchasable","11":"product-type-simple"},"acf":[],"_links":{"self":[{"href":"https:\/\/store.mauricorp.com\/en\/wp-json\/wp\/v2\/product\/56074","targetHints":{"allow":["GET"]}}],"collection":[{"href":"https:\/\/store.mauricorp.com\/en\/wp-json\/wp\/v2\/product"}],"about":[{"href":"https:\/\/store.mauricorp.com\/en\/wp-json\/wp\/v2\/types\/product"}],"replies":[{"embeddable":true,"href":"https:\/\/store.mauricorp.com\/en\/wp-json\/wp\/v2\/comments?post=56074"}],"version-history":[{"count":3,"href":"https:\/\/store.mauricorp.com\/en\/wp-json\/wp\/v2\/product\/56074\/revisions"}],"predecessor-version":[{"id":108172,"href":"https:\/\/store.mauricorp.com\/en\/wp-json\/wp\/v2\/product\/56074\/revisions\/108172"}],"wp:featuredmedia":[{"embeddable":true,"href":"https:\/\/store.mauricorp.com\/en\/wp-json\/wp\/v2\/media\/1616"}],"wp:attachment":[{"href":"https:\/\/store.mauricorp.com\/en\/wp-json\/wp\/v2\/media?parent=56074"}],"wp:term":[{"taxonomy":"product_brand","embeddable":true,"href":"https:\/\/store.mauricorp.com\/en\/wp-json\/wp\/v2\/product_brand?post=56074"},{"taxonomy":"product_cat","embeddable":true,"href":"https:\/\/store.mauricorp.com\/en\/wp-json\/wp\/v2\/product_cat?post=56074"},{"taxonomy":"product_tag","embeddable":true,"href":"https:\/\/store.mauricorp.com\/en\/wp-json\/wp\/v2\/product_tag?post=56074"}],"curies":[{"name":"wp","href":"https:\/\/api.w.org\/{rel}","templated":true}]}}