{"id":56088,"date":"2024-04-12T15:55:41","date_gmt":"2024-04-12T19:55:41","guid":{"rendered":"https:\/\/store.mauricorp.com\/?post_type=product&#038;p=56088"},"modified":"2024-12-16T09:55:06","modified_gmt":"2024-12-16T14:55:06","slug":"prestone-liquido-de-lavado-y-desengrasado-de-radiador-caja-de-6","status":"publish","type":"product","link":"https:\/\/store.mauricorp.com\/en\/producto\/prestone-liquido-de-lavado-y-desengrasado-de-radiador-caja-de-6\/","title":{"rendered":"Prestone\u00ae L\u00edquido de lavado y desengrasado de radiador (Caja de 6)"},"content":{"rendered":"<p>El limpiador de sistema de refrigeraci\u00f3n 2 en 1 disuelve la corrosi\u00f3n y elimina la grasa. Elimina la contaminaci\u00f3n de aceite y combustible y restaura el calor de la cabina. Elimina la corrosi\u00f3n de superficies met\u00e1licas sin causar da\u00f1os. Ayuda a prevenir el sobrecalentamiento, una causa importante de fallo del motor. Seguro para todos los anticongelantes\/refrigerantes, metales, juntas, mangueras y pl\u00e1sticos.<\/p>\n","protected":false},"excerpt":{"rendered":"<p>El limpiador de sistema de refrigeraci\u00f3n 2 en 1 disuelve la corrosi\u00f3n y elimina la grasa. Elimina la contaminaci\u00f3n de aceite y combustible y restaura el calor de la cabina. Elimina la corrosi\u00f3n de superficies met\u00e1licas sin causar da\u00f1os. Ayuda a prevenir el sobrecalentamiento, una causa importante de fallo del motor. Seguro para todos los [&hellip;]<\/p>\n","protected":false},"featured_media":1617,"comment_status":"open","ping_status":"closed","template":"","meta":{"_acf_changed":false},"product_brand":[],"product_cat":[20],"product_tag":[],"class_list":{"0":"post-56088","1":"product","2":"type-product","3":"status-publish","4":"has-post-thumbnail","6":"product_cat-prestone","8":"first","9":"instock","10":"purchasable","11":"product-type-simple"},"acf":[],"_links":{"self":[{"href":"https:\/\/store.mauricorp.com\/en\/wp-json\/wp\/v2\/product\/56088","targetHints":{"allow":["GET"]}}],"collection":[{"href":"https:\/\/store.mauricorp.com\/en\/wp-json\/wp\/v2\/product"}],"about":[{"href":"https:\/\/store.mauricorp.com\/en\/wp-json\/wp\/v2\/types\/product"}],"replies":[{"embeddable":true,"href":"https:\/\/store.mauricorp.com\/en\/wp-json\/wp\/v2\/comments?post=56088"}],"version-history":[{"count":3,"href":"https:\/\/store.mauricorp.com\/en\/wp-json\/wp\/v2\/product\/56088\/revisions"}],"predecessor-version":[{"id":108183,"href":"https:\/\/store.mauricorp.com\/en\/wp-json\/wp\/v2\/product\/56088\/revisions\/108183"}],"wp:featuredmedia":[{"embeddable":true,"href":"https:\/\/store.mauricorp.com\/en\/wp-json\/wp\/v2\/media\/1617"}],"wp:attachment":[{"href":"https:\/\/store.mauricorp.com\/en\/wp-json\/wp\/v2\/media?parent=56088"}],"wp:term":[{"taxonomy":"product_brand","embeddable":true,"href":"https:\/\/store.mauricorp.com\/en\/wp-json\/wp\/v2\/product_brand?post=56088"},{"taxonomy":"product_cat","embeddable":true,"href":"https:\/\/store.mauricorp.com\/en\/wp-json\/wp\/v2\/product_cat?post=56088"},{"taxonomy":"product_tag","embeddable":true,"href":"https:\/\/store.mauricorp.com\/en\/wp-json\/wp\/v2\/product_tag?post=56088"}],"curies":[{"name":"wp","href":"https:\/\/api.w.org\/{rel}","templated":true}]}}