{"id":56123,"date":"2024-04-12T15:56:01","date_gmt":"2024-04-12T19:56:01","guid":{"rendered":"https:\/\/store.mauricorp.com\/?post_type=product&#038;p=56123"},"modified":"2024-12-16T09:55:07","modified_gmt":"2024-12-16T14:55:07","slug":"prestone-fluido-premiun-de-arranque-caja-de-6","status":"publish","type":"product","link":"https:\/\/store.mauricorp.com\/en\/producto\/prestone-fluido-premiun-de-arranque-caja-de-6\/","title":{"rendered":"Prestone\u00ae Fluido Premiun de Arranque (Caja de 6)"},"content":{"rendered":"<p>Mantenga una operaci\u00f3n de direcci\u00f3n autom\u00e1tica suave y desaf\u00ede el desgaste de su sistema de direcci\u00f3n. Formulado con un aceite base de primera calidad que proporciona una larga vida \u00fatil de los fluidos y se fortifica con un avanzado paquete de aditivos que previene la corrosi\u00f3n, reduce el desgaste y prolonga la vida del sistema de direcci\u00f3n autom\u00e1tica.<\/p>\n","protected":false},"excerpt":{"rendered":"<p>Mantenga una operaci\u00f3n de direcci\u00f3n autom\u00e1tica suave y desaf\u00ede el desgaste de su sistema de direcci\u00f3n. Formulado con un aceite base de primera calidad que proporciona una larga vida \u00fatil de los fluidos y se fortifica con un avanzado paquete de aditivos que previene la corrosi\u00f3n, reduce el desgaste y prolonga la vida del sistema [&hellip;]<\/p>\n","protected":false},"featured_media":1609,"comment_status":"open","ping_status":"closed","template":"","meta":{"_acf_changed":false},"product_brand":[],"product_cat":[20],"product_tag":[],"class_list":{"0":"post-56123","1":"product","2":"type-product","3":"status-publish","4":"has-post-thumbnail","6":"product_cat-prestone","8":"first","9":"instock","10":"purchasable","11":"product-type-simple"},"acf":[],"_links":{"self":[{"href":"https:\/\/store.mauricorp.com\/en\/wp-json\/wp\/v2\/product\/56123","targetHints":{"allow":["GET"]}}],"collection":[{"href":"https:\/\/store.mauricorp.com\/en\/wp-json\/wp\/v2\/product"}],"about":[{"href":"https:\/\/store.mauricorp.com\/en\/wp-json\/wp\/v2\/types\/product"}],"replies":[{"embeddable":true,"href":"https:\/\/store.mauricorp.com\/en\/wp-json\/wp\/v2\/comments?post=56123"}],"version-history":[{"count":4,"href":"https:\/\/store.mauricorp.com\/en\/wp-json\/wp\/v2\/product\/56123\/revisions"}],"predecessor-version":[{"id":108188,"href":"https:\/\/store.mauricorp.com\/en\/wp-json\/wp\/v2\/product\/56123\/revisions\/108188"}],"wp:featuredmedia":[{"embeddable":true,"href":"https:\/\/store.mauricorp.com\/en\/wp-json\/wp\/v2\/media\/1609"}],"wp:attachment":[{"href":"https:\/\/store.mauricorp.com\/en\/wp-json\/wp\/v2\/media?parent=56123"}],"wp:term":[{"taxonomy":"product_brand","embeddable":true,"href":"https:\/\/store.mauricorp.com\/en\/wp-json\/wp\/v2\/product_brand?post=56123"},{"taxonomy":"product_cat","embeddable":true,"href":"https:\/\/store.mauricorp.com\/en\/wp-json\/wp\/v2\/product_cat?post=56123"},{"taxonomy":"product_tag","embeddable":true,"href":"https:\/\/store.mauricorp.com\/en\/wp-json\/wp\/v2\/product_tag?post=56123"}],"curies":[{"name":"wp","href":"https:\/\/api.w.org\/{rel}","templated":true}]}}