{"id":56124,"date":"2024-04-12T15:56:01","date_gmt":"2024-04-12T19:56:01","guid":{"rendered":"https:\/\/store.mauricorp.com\/?post_type=product&#038;p=56124"},"modified":"2024-12-16T09:55:07","modified_gmt":"2024-12-16T14:55:07","slug":"prestone-fluido-para-direccion-hidraulica-caja-de-12-12-oz-355-ml","status":"publish","type":"product","link":"https:\/\/store.mauricorp.com\/en\/producto\/prestone-fluido-para-direccion-hidraulica-caja-de-12-12-oz-355-ml\/","title":{"rendered":"Prestone\u00ae Fluido para direcci\u00f3n hidr\u00e1ulica (Caja de 12 12 Oz. \/ 355 mL)"},"content":{"rendered":"<p>El liquido de direcci\u00f3n asistida Prestone (PSF) ofrece una mayor vida \u00fatil del sistema, protecci\u00f3n anti desgaste, protege contra fallos de la bomba. Vida de 50,000 millas est\u00e1 formulada para su uso en todos los fabricantes. Este es un l\u00edquido convencional. Muchos carros 2006 o m\u00e1s nuevos utilizan l\u00edquidos sint\u00e9ticos para dar vida \u00fatil m\u00e1s larga y una mejor protecci\u00f3n. Los convencionales y sint\u00e9ticos se pueden mezclar pero el rendimiento y los intervalos de reemplazo se reducen por el l\u00edquido convencional.<\/p>\n","protected":false},"excerpt":{"rendered":"<p>El liquido de direcci\u00f3n asistida Prestone (PSF) ofrece una mayor vida \u00fatil del sistema, protecci\u00f3n anti desgaste, protege contra fallos de la bomba. Vida de 50,000 millas est\u00e1 formulada para su uso en todos los fabricantes. Este es un l\u00edquido convencional. Muchos carros 2006 o m\u00e1s nuevos utilizan l\u00edquidos sint\u00e9ticos para dar vida \u00fatil m\u00e1s [&hellip;]<\/p>\n","protected":false},"featured_media":1610,"comment_status":"open","ping_status":"closed","template":"","meta":{"_acf_changed":false},"product_brand":[],"product_cat":[20],"product_tag":[],"class_list":{"0":"post-56124","1":"product","2":"type-product","3":"status-publish","4":"has-post-thumbnail","6":"product_cat-prestone","8":"first","9":"instock","10":"purchasable","11":"product-type-simple"},"acf":[],"_links":{"self":[{"href":"https:\/\/store.mauricorp.com\/en\/wp-json\/wp\/v2\/product\/56124","targetHints":{"allow":["GET"]}}],"collection":[{"href":"https:\/\/store.mauricorp.com\/en\/wp-json\/wp\/v2\/product"}],"about":[{"href":"https:\/\/store.mauricorp.com\/en\/wp-json\/wp\/v2\/types\/product"}],"replies":[{"embeddable":true,"href":"https:\/\/store.mauricorp.com\/en\/wp-json\/wp\/v2\/comments?post=56124"}],"version-history":[{"count":4,"href":"https:\/\/store.mauricorp.com\/en\/wp-json\/wp\/v2\/product\/56124\/revisions"}],"predecessor-version":[{"id":108189,"href":"https:\/\/store.mauricorp.com\/en\/wp-json\/wp\/v2\/product\/56124\/revisions\/108189"}],"wp:featuredmedia":[{"embeddable":true,"href":"https:\/\/store.mauricorp.com\/en\/wp-json\/wp\/v2\/media\/1610"}],"wp:attachment":[{"href":"https:\/\/store.mauricorp.com\/en\/wp-json\/wp\/v2\/media?parent=56124"}],"wp:term":[{"taxonomy":"product_brand","embeddable":true,"href":"https:\/\/store.mauricorp.com\/en\/wp-json\/wp\/v2\/product_brand?post=56124"},{"taxonomy":"product_cat","embeddable":true,"href":"https:\/\/store.mauricorp.com\/en\/wp-json\/wp\/v2\/product_cat?post=56124"},{"taxonomy":"product_tag","embeddable":true,"href":"https:\/\/store.mauricorp.com\/en\/wp-json\/wp\/v2\/product_tag?post=56124"}],"curies":[{"name":"wp","href":"https:\/\/api.w.org\/{rel}","templated":true}]}}