{"id":56133,"date":"2024-04-12T15:56:03","date_gmt":"2024-04-12T19:56:03","guid":{"rendered":"https:\/\/store.mauricorp.com\/?post_type=product&#038;p=56133"},"modified":"2024-12-16T09:55:08","modified_gmt":"2024-12-16T14:55:08","slug":"prestone-liquido-de-direccion-asistida-para-vehiculos-asiaticos-caja-de-6","status":"publish","type":"product","link":"https:\/\/store.mauricorp.com\/en\/producto\/prestone-liquido-de-direccion-asistida-para-vehiculos-asiaticos-caja-de-6\/","title":{"rendered":"Prestone\u00ae L\u00edquido de direcci\u00f3n asistida para veh\u00edculos asi\u00e1ticos (Caja de 6)"},"content":{"rendered":"<p>F\u00f3rmula totalmente sint\u00e9tica de alta calidad dise\u00f1ada espec\u00edficamente para veh\u00edculos asi\u00e1ticos, proporciona protecci\u00f3n contra el desgaste, la formaci\u00f3n de espuma y la corrosi\u00f3n para mantener un rendimiento \u00f3ptimo. Dise\u00f1ado para temperaturas extremas y al mismo tiempo proporciona un excelente funcionamiento a bajas temperaturas, ofrece una excelente estabilidad oxidativa para una vida \u00fatil prolongada, dise\u00f1ado para honda, acura, Toyota, Lexus y todos los dem\u00e1s veh\u00edculos fabricados en Asia<\/p>\n","protected":false},"excerpt":{"rendered":"<p>F\u00f3rmula totalmente sint\u00e9tica de alta calidad dise\u00f1ada espec\u00edficamente para veh\u00edculos asi\u00e1ticos, proporciona protecci\u00f3n contra el desgaste, la formaci\u00f3n de espuma y la corrosi\u00f3n para mantener un rendimiento \u00f3ptimo. Dise\u00f1ado para temperaturas extremas y al mismo tiempo proporciona un excelente funcionamiento a bajas temperaturas, ofrece una excelente estabilidad oxidativa para una vida \u00fatil prolongada, dise\u00f1ado para [&hellip;]<\/p>\n","protected":false},"featured_media":1623,"comment_status":"open","ping_status":"closed","template":"","meta":{"_acf_changed":false},"product_brand":[],"product_cat":[20],"product_tag":[],"class_list":{"0":"post-56133","1":"product","2":"type-product","3":"status-publish","4":"has-post-thumbnail","6":"product_cat-prestone","8":"first","9":"instock","10":"purchasable","11":"product-type-simple"},"acf":[],"_links":{"self":[{"href":"https:\/\/store.mauricorp.com\/en\/wp-json\/wp\/v2\/product\/56133","targetHints":{"allow":["GET"]}}],"collection":[{"href":"https:\/\/store.mauricorp.com\/en\/wp-json\/wp\/v2\/product"}],"about":[{"href":"https:\/\/store.mauricorp.com\/en\/wp-json\/wp\/v2\/types\/product"}],"replies":[{"embeddable":true,"href":"https:\/\/store.mauricorp.com\/en\/wp-json\/wp\/v2\/comments?post=56133"}],"version-history":[{"count":3,"href":"https:\/\/store.mauricorp.com\/en\/wp-json\/wp\/v2\/product\/56133\/revisions"}],"predecessor-version":[{"id":108198,"href":"https:\/\/store.mauricorp.com\/en\/wp-json\/wp\/v2\/product\/56133\/revisions\/108198"}],"wp:featuredmedia":[{"embeddable":true,"href":"https:\/\/store.mauricorp.com\/en\/wp-json\/wp\/v2\/media\/1623"}],"wp:attachment":[{"href":"https:\/\/store.mauricorp.com\/en\/wp-json\/wp\/v2\/media?parent=56133"}],"wp:term":[{"taxonomy":"product_brand","embeddable":true,"href":"https:\/\/store.mauricorp.com\/en\/wp-json\/wp\/v2\/product_brand?post=56133"},{"taxonomy":"product_cat","embeddable":true,"href":"https:\/\/store.mauricorp.com\/en\/wp-json\/wp\/v2\/product_cat?post=56133"},{"taxonomy":"product_tag","embeddable":true,"href":"https:\/\/store.mauricorp.com\/en\/wp-json\/wp\/v2\/product_tag?post=56133"}],"curies":[{"name":"wp","href":"https:\/\/api.w.org\/{rel}","templated":true}]}}