{"id":56135,"date":"2024-04-12T15:56:03","date_gmt":"2024-04-12T19:56:03","guid":{"rendered":"https:\/\/store.mauricorp.com\/?post_type=product&#038;p=56135"},"modified":"2024-12-16T09:55:08","modified_gmt":"2024-12-16T14:55:08","slug":"prestone-liquido-sintetico-para-direccion-asistida-con-tapa-fugas-caja-de-6","status":"publish","type":"product","link":"https:\/\/store.mauricorp.com\/en\/producto\/prestone-liquido-sintetico-para-direccion-asistida-con-tapa-fugas-caja-de-6\/","title":{"rendered":"Prestone\u00ae L\u00edquido Sint\u00e9tico para direcci\u00f3n asistida con tapa fugas (Caja de 6)"},"content":{"rendered":"<p>Detiene fugas de direcci\u00f3n asistida Contiene tecnolog\u00eda aditiva que detiene las fugas revitalizando juntas secas, encogidas y endurecidas. F\u00f3rmula completamente sint\u00e9tica que ofrece un desgaste excepcional para una vida \u00fatil m\u00e1s larga Compatible con todos los fluidos de aceite de motor de direcci\u00f3n asistida sint\u00e9tica y convencional Volumen l\u00edquido: 12 onzas, paquete de 6<\/p>\n","protected":false},"excerpt":{"rendered":"<p>Detiene fugas de direcci\u00f3n asistida Contiene tecnolog\u00eda aditiva que detiene las fugas revitalizando juntas secas, encogidas y endurecidas. F\u00f3rmula completamente sint\u00e9tica que ofrece un desgaste excepcional para una vida \u00fatil m\u00e1s larga Compatible con todos los fluidos de aceite de motor de direcci\u00f3n asistida sint\u00e9tica y convencional Volumen l\u00edquido: 12 onzas, paquete de 6<\/p>\n","protected":false},"featured_media":1625,"comment_status":"open","ping_status":"closed","template":"","meta":{"_acf_changed":false},"product_brand":[],"product_cat":[20],"product_tag":[],"class_list":{"0":"post-56135","1":"product","2":"type-product","3":"status-publish","4":"has-post-thumbnail","6":"product_cat-prestone","8":"first","9":"instock","10":"purchasable","11":"product-type-simple"},"acf":[],"_links":{"self":[{"href":"https:\/\/store.mauricorp.com\/en\/wp-json\/wp\/v2\/product\/56135","targetHints":{"allow":["GET"]}}],"collection":[{"href":"https:\/\/store.mauricorp.com\/en\/wp-json\/wp\/v2\/product"}],"about":[{"href":"https:\/\/store.mauricorp.com\/en\/wp-json\/wp\/v2\/types\/product"}],"replies":[{"embeddable":true,"href":"https:\/\/store.mauricorp.com\/en\/wp-json\/wp\/v2\/comments?post=56135"}],"version-history":[{"count":3,"href":"https:\/\/store.mauricorp.com\/en\/wp-json\/wp\/v2\/product\/56135\/revisions"}],"predecessor-version":[{"id":108199,"href":"https:\/\/store.mauricorp.com\/en\/wp-json\/wp\/v2\/product\/56135\/revisions\/108199"}],"wp:featuredmedia":[{"embeddable":true,"href":"https:\/\/store.mauricorp.com\/en\/wp-json\/wp\/v2\/media\/1625"}],"wp:attachment":[{"href":"https:\/\/store.mauricorp.com\/en\/wp-json\/wp\/v2\/media?parent=56135"}],"wp:term":[{"taxonomy":"product_brand","embeddable":true,"href":"https:\/\/store.mauricorp.com\/en\/wp-json\/wp\/v2\/product_brand?post=56135"},{"taxonomy":"product_cat","embeddable":true,"href":"https:\/\/store.mauricorp.com\/en\/wp-json\/wp\/v2\/product_cat?post=56135"},{"taxonomy":"product_tag","embeddable":true,"href":"https:\/\/store.mauricorp.com\/en\/wp-json\/wp\/v2\/product_tag?post=56135"}],"curies":[{"name":"wp","href":"https:\/\/api.w.org\/{rel}","templated":true}]}}