{"id":56136,"date":"2024-04-12T15:56:03","date_gmt":"2024-04-12T19:56:03","guid":{"rendered":"https:\/\/store.mauricorp.com\/?post_type=product&#038;p=56136"},"modified":"2024-12-16T09:55:08","modified_gmt":"2024-12-16T14:55:08","slug":"prestone-aditivo-tapa-fugas-de-aceite-de-motores-caja-de-6","status":"publish","type":"product","link":"https:\/\/store.mauricorp.com\/en\/producto\/prestone-aditivo-tapa-fugas-de-aceite-de-motores-caja-de-6\/","title":{"rendered":"Prestone\u00ae Aditivo tapa fugas de aceite de motores. (Caja de 6)"},"content":{"rendered":"<p>Aditivo Prestone para detener r\u00e1pidamente las fugas de aceite en el motor, restaura los sellos endurecidos y encogidos. Usando Nuestra f\u00f3rmula sint\u00e9tica que protege dos veces m\u00e1s tiempo en el motor, que cualquier otra f\u00f3rmula tapa fugas convencional hecha a base de aceite. Funciona con todos los tipos de aceite de motor Sint\u00e9tico\/Convencional\/Alto Kilometraje<\/p>\n","protected":false},"excerpt":{"rendered":"<p>Aditivo Prestone para detener r\u00e1pidamente las fugas de aceite en el motor, restaura los sellos endurecidos y encogidos. Usando Nuestra f\u00f3rmula sint\u00e9tica que protege dos veces m\u00e1s tiempo en el motor, que cualquier otra f\u00f3rmula tapa fugas convencional hecha a base de aceite. Funciona con todos los tipos de aceite de motor Sint\u00e9tico\/Convencional\/Alto Kilometraje<\/p>\n","protected":false},"featured_media":1626,"comment_status":"open","ping_status":"closed","template":"","meta":{"_acf_changed":false},"product_brand":[],"product_cat":[20],"product_tag":[],"class_list":{"0":"post-56136","1":"product","2":"type-product","3":"status-publish","4":"has-post-thumbnail","6":"product_cat-prestone","8":"first","9":"instock","10":"purchasable","11":"product-type-simple"},"acf":[],"_links":{"self":[{"href":"https:\/\/store.mauricorp.com\/en\/wp-json\/wp\/v2\/product\/56136","targetHints":{"allow":["GET"]}}],"collection":[{"href":"https:\/\/store.mauricorp.com\/en\/wp-json\/wp\/v2\/product"}],"about":[{"href":"https:\/\/store.mauricorp.com\/en\/wp-json\/wp\/v2\/types\/product"}],"replies":[{"embeddable":true,"href":"https:\/\/store.mauricorp.com\/en\/wp-json\/wp\/v2\/comments?post=56136"}],"version-history":[{"count":3,"href":"https:\/\/store.mauricorp.com\/en\/wp-json\/wp\/v2\/product\/56136\/revisions"}],"predecessor-version":[{"id":108200,"href":"https:\/\/store.mauricorp.com\/en\/wp-json\/wp\/v2\/product\/56136\/revisions\/108200"}],"wp:featuredmedia":[{"embeddable":true,"href":"https:\/\/store.mauricorp.com\/en\/wp-json\/wp\/v2\/media\/1626"}],"wp:attachment":[{"href":"https:\/\/store.mauricorp.com\/en\/wp-json\/wp\/v2\/media?parent=56136"}],"wp:term":[{"taxonomy":"product_brand","embeddable":true,"href":"https:\/\/store.mauricorp.com\/en\/wp-json\/wp\/v2\/product_brand?post=56136"},{"taxonomy":"product_cat","embeddable":true,"href":"https:\/\/store.mauricorp.com\/en\/wp-json\/wp\/v2\/product_cat?post=56136"},{"taxonomy":"product_tag","embeddable":true,"href":"https:\/\/store.mauricorp.com\/en\/wp-json\/wp\/v2\/product_tag?post=56136"}],"curies":[{"name":"wp","href":"https:\/\/api.w.org\/{rel}","templated":true}]}}