{"id":56188,"date":"2024-04-12T15:56:25","date_gmt":"2024-04-12T19:56:25","guid":{"rendered":"https:\/\/store.mauricorp.com\/?post_type=product&#038;p=56188"},"modified":"2024-12-16T09:55:10","modified_gmt":"2024-12-16T14:55:10","slug":"prestone-command-liquido-de-lavado-y-desengrasado-para-vehiculos-pesado-caja-de-2-2-5-gal","status":"publish","type":"product","link":"https:\/\/store.mauricorp.com\/en\/producto\/prestone-command-liquido-de-lavado-y-desengrasado-para-vehiculos-pesado-caja-de-2-2-5-gal\/","title":{"rendered":"Prestone Command\u00ae l\u00edquido de lavado y desengrasado para veh\u00edculos pesado (Caja de 2 &#8211; 2.5 Gal.)"},"content":{"rendered":"<p>El Prestone Command\u00ae Diesel Exhaust Fluid es el fluido DEF disponible de m\u00e1s alta calidad, Formulado con urea de alta calidad y agua para uso en todos los motores Diesel de reducci\u00f3n catal\u00edtica selectiva (SCR) (por sus siglas en ingl\u00e9s), Prestone Command\u00ae DEF es una soluci\u00f3n no t\u00f3xica de 67.5% de agua y 32.5% de urea para automoci\u00f3n. Es un fluido estable que es incoloro e inodoro, El uso de DEF variar\u00e1 con el veh\u00edculo<\/p>\n","protected":false},"excerpt":{"rendered":"<p>El Prestone Command\u00ae Diesel Exhaust Fluid es el fluido DEF disponible de m\u00e1s alta calidad, Formulado con urea de alta calidad y agua para uso en todos los motores Diesel de reducci\u00f3n catal\u00edtica selectiva (SCR) (por sus siglas en ingl\u00e9s), Prestone Command\u00ae DEF es una soluci\u00f3n no t\u00f3xica de 67.5% de agua y 32.5% de [&hellip;]<\/p>\n","protected":false},"featured_media":1633,"comment_status":"open","ping_status":"closed","template":"","meta":{"_acf_changed":false},"product_brand":[],"product_cat":[20],"product_tag":[],"class_list":{"0":"post-56188","1":"product","2":"type-product","3":"status-publish","4":"has-post-thumbnail","6":"product_cat-prestone","8":"first","9":"instock","10":"purchasable","11":"product-type-simple"},"acf":[],"_links":{"self":[{"href":"https:\/\/store.mauricorp.com\/en\/wp-json\/wp\/v2\/product\/56188","targetHints":{"allow":["GET"]}}],"collection":[{"href":"https:\/\/store.mauricorp.com\/en\/wp-json\/wp\/v2\/product"}],"about":[{"href":"https:\/\/store.mauricorp.com\/en\/wp-json\/wp\/v2\/types\/product"}],"replies":[{"embeddable":true,"href":"https:\/\/store.mauricorp.com\/en\/wp-json\/wp\/v2\/comments?post=56188"}],"version-history":[{"count":4,"href":"https:\/\/store.mauricorp.com\/en\/wp-json\/wp\/v2\/product\/56188\/revisions"}],"predecessor-version":[{"id":108219,"href":"https:\/\/store.mauricorp.com\/en\/wp-json\/wp\/v2\/product\/56188\/revisions\/108219"}],"wp:featuredmedia":[{"embeddable":true,"href":"https:\/\/store.mauricorp.com\/en\/wp-json\/wp\/v2\/media\/1633"}],"wp:attachment":[{"href":"https:\/\/store.mauricorp.com\/en\/wp-json\/wp\/v2\/media?parent=56188"}],"wp:term":[{"taxonomy":"product_brand","embeddable":true,"href":"https:\/\/store.mauricorp.com\/en\/wp-json\/wp\/v2\/product_brand?post=56188"},{"taxonomy":"product_cat","embeddable":true,"href":"https:\/\/store.mauricorp.com\/en\/wp-json\/wp\/v2\/product_cat?post=56188"},{"taxonomy":"product_tag","embeddable":true,"href":"https:\/\/store.mauricorp.com\/en\/wp-json\/wp\/v2\/product_tag?post=56188"}],"curies":[{"name":"wp","href":"https:\/\/api.w.org\/{rel}","templated":true}]}}